{"id":2185,"date":"2024-02-28T10:08:44","date_gmt":"2024-02-28T09:08:44","guid":{"rendered":"https:\/\/www.kalmarkonstmuseum.se\/designarkivet\/?page_id=2185"},"modified":"2024-02-28T10:19:32","modified_gmt":"2024-02-28T09:19:32","slug":"donera","status":"publish","type":"page","link":"https:\/\/www.kalmarkonstmuseum.se\/designarkivet\/om-samlingen\/donera\/","title":{"rendered":"Donera till samlingen"},"content":{"rendered":"<p>Designarkivet tar regelbundet emot donationer av skisser, modeller och annat material som relaterar till form och design i Sverige. Donationer fr\u00e5n formgivare, formgivarkollektiv och efterlevande anh\u00f6riga har sedan arkivets grundade varit mycket betydelsefulla f\u00f6r samlingen.<\/p>\n<p>Designarkivet \u00e4r huvudsakligen intresserade av skissen som samlingsf\u00f6rem\u00e5l och tar d\u00e4rf\u00f6r i f\u00f6rsta hand emot material som inneh\u00e5ller skisser. Materialet b\u00f6r relatera till form och design i Sverige och kan sp\u00e4nna \u00f6ver flera designomr\u00e5den, s\u00e5som mode, m\u00f6bler, industridesign, heminredning, glas och grafisk formgivning. F\u00f6r Designarkivet \u00e4r det viktigt att kunna tillg\u00e4ngligg\u00f6ra arkivalierna s\u00e5v\u00e4l fysiskt som digitalt f\u00f6r b\u00e5de forskare och allm\u00e4nheten. D\u00e4rf\u00f6r b\u00f6r materialet doneras utan f\u00f6rbeh\u00e5ll vad g\u00e4ller anv\u00e4ndning. Designarkivet reproducerar aldrig material f\u00f6r kommersiellt bruk utan att ing\u00e5 separata avtal med upphovsr\u00e4ttsinnehavaren. <strong>\u00a0<\/strong><\/p>\n<p>Designarkivet bed\u00f6mer fr\u00e5n fall till fall om det \u00e4r m\u00f6jligt eller relevant att ta emot ett material. Det g\u00e5r naturligtvis bra att kontakta oss med fr\u00e5gor per telefon, men f\u00f6r att g\u00f6ra en bed\u00f6mning kommer vi beh\u00f6va ett skriftligt underlag. F\u00f6r att bidra till bed\u00f6mningen beh\u00f6vs d\u00e4rf\u00f6r s\u00e5 mycket information som m\u00f6jligt.<\/p>\n<p><a href=\"https:\/\/www.kalmarkonstmuseum.se\/designarkivet\/wp-content\/uploads\/sites\/4\/2024\/02\/formular_donationserbjudande_ifyllbart.pdf\">LADDA NER FORMUL\u00c4R F\u00d6R DONATIONSERBJUDANDE &gt; &gt;<\/a><\/p>\n<p>Fyll i formul\u00e4ret digitalt eller skriv ut och fyll i. Skicka ditt donationserbjudande till <a href=\"mailto:donera@designarkivet.se\">donera@designarkivet.se<\/a> eller skicka v\u00e5r <a href=\"https:\/\/www.kalmarkonstmuseum.se\/designarkivet\/om-oss\/kontakta-oss\/\">postadress<\/a><strong>. <\/strong>F\u00f6r att underl\u00e4tta v\u00e5r bed\u00f6mning \u00e4r det viktigt att du bifogar exempelbilder som illustrerar inneh\u00e5llet, omfattningen och skicket. Vid donationserbjudande godk\u00e4nner du att de personuppgifter som l\u00e4mnas vid erbjudandet bevaras och \u00e4r tillg\u00e4ngliga f\u00f6r arkivets verksamhet internt.<\/p>\n<p>Designarkivet sammantr\u00e4der och beslutar om donationserbjudanden tv\u00e5 g\u00e5nger per \u00e5r, d\u00e4rf\u00f6r kan det ta l\u00e5ng tid innan du f\u00e5r \u00e5terkoppling. Vi bekr\u00e4ftar alltid att vi mottagit ditt erbjudande.<\/p>\n<p>Fr\u00e5gor? <a href=\"https:\/\/www.kalmarkonstmuseum.se\/designarkivet\/om-oss\/kontakta-oss\/\">Tveka inte att h\u00f6ra av dig!<\/a><\/p>\n<p>&nbsp;<\/p>\n","protected":false},"excerpt":{"rendered":"<p>\u00c4r du, eller n\u00e5gon du f\u00f6retr\u00e4der, verksam inom form och design i Sverige och vill donera till v\u00e5r samling? Donationer av material har sedan arkivets grundande varit mycket betydelsefulla f\u00f6r samlingen.<\/p>\n","protected":false},"author":66,"featured_media":2189,"parent":40,"menu_order":0,"comment_status":"closed","ping_status":"closed","template":"page-tpl-fullwidth.php","meta":{"_exactmetrics_skip_tracking":false,"_exactmetrics_sitenote_active":false,"_exactmetrics_sitenote_note":"","_exactmetrics_sitenote_category":0,"footnotes":""},"class_list":["post-2185","page","type-page","status-publish","has-post-thumbnail","hentry"],"_links":{"self":[{"href":"https:\/\/www.kalmarkonstmuseum.se\/designarkivet\/wp-json\/wp\/v2\/pages\/2185","targetHints":{"allow":["GET"]}}],"collection":[{"href":"https:\/\/www.kalmarkonstmuseum.se\/designarkivet\/wp-json\/wp\/v2\/pages"}],"about":[{"href":"https:\/\/www.kalmarkonstmuseum.se\/designarkivet\/wp-json\/wp\/v2\/types\/page"}],"author":[{"embeddable":true,"href":"https:\/\/www.kalmarkonstmuseum.se\/designarkivet\/wp-json\/wp\/v2\/users\/66"}],"replies":[{"embeddable":true,"href":"https:\/\/www.kalmarkonstmuseum.se\/designarkivet\/wp-json\/wp\/v2\/comments?post=2185"}],"version-history":[{"count":1,"href":"https:\/\/www.kalmarkonstmuseum.se\/designarkivet\/wp-json\/wp\/v2\/pages\/2185\/revisions"}],"predecessor-version":[{"id":2188,"href":"https:\/\/www.kalmarkonstmuseum.se\/designarkivet\/wp-json\/wp\/v2\/pages\/2185\/revisions\/2188"}],"up":[{"embeddable":true,"href":"https:\/\/www.kalmarkonstmuseum.se\/designarkivet\/wp-json\/wp\/v2\/pages\/40"}],"wp:featuredmedia":[{"embeddable":true,"href":"https:\/\/www.kalmarkonstmuseum.se\/designarkivet\/wp-json\/wp\/v2\/media\/2189"}],"wp:attachment":[{"href":"https:\/\/www.kalmarkonstmuseum.se\/designarkivet\/wp-json\/wp\/v2\/media?parent=2185"}],"curies":[{"name":"wp","href":"https:\/\/api.w.org\/{rel}","templated":true}]}}