{"id":32,"date":"2014-09-11T14:32:22","date_gmt":"2014-09-11T12:32:22","guid":{"rendered":"http:\/\/www.kalmarkonstmuseum.se\/designarkivet\/?page_id=32"},"modified":"2024-03-18T10:17:30","modified_gmt":"2024-03-18T09:17:30","slug":"forskare-studenter","status":"publish","type":"page","link":"https:\/\/www.kalmarkonstmuseum.se\/designarkivet\/forskare-studenter\/","title":{"rendered":"Forskare &#038; studenter"},"content":{"rendered":"<h4>Forskarservice<\/h4>\n<p>Designarkivet arbetar f\u00f6r att st\u00f6dja forskning inom design och designhistoria. Samlingen inneh\u00e5ller information och sammanhang som kan f\u00f6rdjupa kunskapen om relationen mellan m\u00e4nniska och f\u00f6rem\u00e5l, kreativa processer, arbetsvillkor och mycket mer.<\/p>\n<p>De f\u00f6ruts\u00e4ttningar som finns f\u00f6r forskning i Designarkivets material \u00e4r:<\/p>\n<ul>\n<li>Designarkivets databas. H\u00e4r \u00e4r majoriteten av samlingen s\u00f6kbar. Stora delar av samlingen \u00e4r digitaliserad, fr\u00e4mst textila verk. \u00d6vriga objekt kan digitaliseras p\u00e5 f\u00f6rfr\u00e5gan.<\/li>\n<li>Samlingen. Ett bes\u00f6k p\u00e5 Designarkivet ger dig m\u00f6jlighet att tillsammans med arkivpersonal titta p\u00e5 enskilda dokument, foton och referensmaterial.<\/li>\n<li>Bibliotek och tidskriftssamling. Designarkivets bibliotek \u00e4r v\u00e4lf\u00f6rsett b\u00e5de med biografier, generisk designlitteratur och med forskningsinriktad litteratur. Arkivet har \u00e4ven en specialsamling; Rune Mon\u00f6s arbetsbibliotek. Tidskriftsamlingen omfattar tidningen <em>Form<\/em> fr\u00e5n 1911 och fram\u00e5t, men \u00e4ven andra specialtidskrifter som <em>Arbitare<\/em>, <em>Domus<\/em> m.fl. \u00c4ven \u00e4ldre tidskrifter riktade mot hemmamarknaden.<\/li>\n<li>Andra lokaliteter. Eftersom olika typer av forskning, b\u00e5de traditionell och experimentell, \u00e4r relevant f\u00f6r design\u00e4mnet s\u00e5 \u00e4r servicen kring forskning flexibel. Vi g\u00f6r vad vi kan f\u00f6r att uppfylla s\u00e4rskilda \u00f6nskem\u00e5l. P\u00e5 Pukebergsomr\u00e5det finns ett flertal stora salar och rum. H\u00e4r finns m\u00f6jlighet att anordna seminarier, sessions, workshops, konferenser och utst\u00e4llningar.<\/li>\n<\/ul>\n<h4>F\u00f6r studenter<\/h4>\n<p>Beh\u00f6ver du material till en uppsats eller ett examensarbete inom designomr\u00e5det?<\/p>\n<p>Designarkivet v\u00e4lkomnar alla studenter som vill anv\u00e4nda sig av samlingen eller vill veta mer om design och designhistoria. Ut\u00f6ver samlingen kan du som student f\u00e5 tillg\u00e5ng till v\u00e5rt referensbibliotek och v\u00e5r tidskriftsamling. Materialet sp\u00e4nner brett och djupt \u00f6ver design\u00e4mnet. Inspiration och intressanta ing\u00e5ngar \u00e4r l\u00e4tta att hitta h\u00e4r. \u00c4ven personalens kunskaper inom design, konst och hantverk \u00e4r tillg\u00e4nglig f\u00f6r dig som student. Enskilda studenter bes\u00f6ker Designarkivet utan kostnad. <\/p>\n<p>Vi erbjuder:<\/p>\n<ul>\n<li>M\u00f6jligheten att g\u00e5 igenom arkivmaterial<\/li>\n<li>Tillg\u00e5ng till bibliotek och tidskriftsamling<\/li>\n<li>\u00c4mnen f\u00f6r uppsatser och examensarbeten<\/li>\n<li>Kontakter ur Designarkivets breda n\u00e4tverk<\/li>\n<\/ul>\n<p>&nbsp;<\/p>\n<p>Kan Designarkivet hj\u00e4lpa dig?<br \/>\n<a href=\"https:\/\/www.kalmarkonstmuseum.se\/designarkivet\/om-oss\/kontakta-oss\/\">Kontakta oss<\/a> och boka in en tid!<\/p>\n","protected":false},"excerpt":{"rendered":"<p>\u00c4r du forskare eller student? Designarkivet arbetar f\u00f6r att st\u00f6dja forskning inom design och designhistoria.<\/p>\n","protected":false},"author":2,"featured_media":461,"parent":0,"menu_order":0,"comment_status":"closed","ping_status":"closed","template":"page-tpl-fullwidth.php","meta":{"_exactmetrics_skip_tracking":false,"_exactmetrics_sitenote_active":false,"_exactmetrics_sitenote_note":"","_exactmetrics_sitenote_category":0,"footnotes":""},"class_list":["post-32","page","type-page","status-publish","has-post-thumbnail","hentry"],"_links":{"self":[{"href":"https:\/\/www.kalmarkonstmuseum.se\/designarkivet\/wp-json\/wp\/v2\/pages\/32","targetHints":{"allow":["GET"]}}],"collection":[{"href":"https:\/\/www.kalmarkonstmuseum.se\/designarkivet\/wp-json\/wp\/v2\/pages"}],"about":[{"href":"https:\/\/www.kalmarkonstmuseum.se\/designarkivet\/wp-json\/wp\/v2\/types\/page"}],"author":[{"embeddable":true,"href":"https:\/\/www.kalmarkonstmuseum.se\/designarkivet\/wp-json\/wp\/v2\/users\/2"}],"replies":[{"embeddable":true,"href":"https:\/\/www.kalmarkonstmuseum.se\/designarkivet\/wp-json\/wp\/v2\/comments?post=32"}],"version-history":[{"count":6,"href":"https:\/\/www.kalmarkonstmuseum.se\/designarkivet\/wp-json\/wp\/v2\/pages\/32\/revisions"}],"predecessor-version":[{"id":2198,"href":"https:\/\/www.kalmarkonstmuseum.se\/designarkivet\/wp-json\/wp\/v2\/pages\/32\/revisions\/2198"}],"wp:featuredmedia":[{"embeddable":true,"href":"https:\/\/www.kalmarkonstmuseum.se\/designarkivet\/wp-json\/wp\/v2\/media\/461"}],"wp:attachment":[{"href":"https:\/\/www.kalmarkonstmuseum.se\/designarkivet\/wp-json\/wp\/v2\/media?parent=32"}],"curies":[{"name":"wp","href":"https:\/\/api.w.org\/{rel}","templated":true}]}}