{"id":40,"date":"2014-09-12T11:29:52","date_gmt":"2014-09-12T09:29:52","guid":{"rendered":"http:\/\/www.kalmarkonstmuseum.se\/designarkivet\/?page_id=40"},"modified":"2024-10-17T12:59:59","modified_gmt":"2024-10-17T10:59:59","slug":"om-samlingen","status":"publish","type":"page","link":"https:\/\/www.kalmarkonstmuseum.se\/designarkivet\/om-samlingen\/","title":{"rendered":"Om samlingen"},"content":{"rendered":"<p>Designarkivet \u00e4r ett nationellt arkiv som samlar kunskap om designprocesser i Sverige, fr\u00e5n tidigt 1900-tal och fram\u00e5t. Samlingen omfattar cirka 120 000 arkivalier fr\u00e5n mer \u00e4n 800 formgivare. Den sp\u00e4nner \u00f6ver omr\u00e5den som inredning, m\u00f6beldesign, grafisk design, och produktdesign. Materialet best\u00e5r av skisser, ritningar, foton, korrespondens, dagb\u00f6cker och referensmaterial.<\/p>\n<p>Designarkivet har \u00e4ven en av Sveriges viktigaste textilsamlingar. Huvudsakligen best\u00e5r samlingen av tryckta textiler. Den skiljer sig fr\u00e5n \u00f6vrigt arkivmaterial genom att samlingen best\u00e5r av sj\u00e4lva f\u00f6rem\u00e5let. Till m\u00e5nga textiler finns ocks\u00e5 f\u00f6rarbeten i form av skisser och provtryck. Till de v\u00e4vda textilerna finns ofta v\u00e4vnotor och garnprover. Textilsamlingen tillkom genom en kombination av donationer vid textilindustrins m\u00e5nga nedl\u00e4ggningar, och intendenterna Inga Lind\u00e9n och Birgitta Faxes djupa kunskaper p\u00e5 omr\u00e5det.<\/p>\n<p>Designarkivet ser samlingen som ett r\u00e5material som kan ge\u00a0en f\u00f6rdjupad f\u00f6rst\u00e5else f\u00f6r hur produkt, kreativa processer och samh\u00e4lle h\u00e4nger samman. Ursprungligen l\u00e5g tonvikten f\u00f6r samlingen vid skissen som konstn\u00e4rligt f\u00f6rem\u00e5l, n\u00e5got som efter hand har f\u00f6r\u00e4ndrats. Idag\u00a0intresserar vi oss f\u00f6r skissen som ett uttryck f\u00f6r arbetsprocesser. Referensmaterial, som tidigare inte tillerk\u00e4ndes samma v\u00e4rde som originalmaterial, kan\u00a0i m\u00e5nga fall bidra till f\u00f6rst\u00e5else av\u00a0de\u00a0historiska sammanhang som styr formgivning.<\/p>\n<h5><a href=\"https:\/\/digitaltmuseum.se\/s-da\">S\u00d6K I SAMLINGEN P\u00c5 DIGITALTMUSEUM \u276d <\/a><\/h5>\n<h4>Biblioteket<\/h4>\n<div class=\"entry-content\">\n<p>Designarkivets bibliotek \u00e4r m\u00f6jligt att bes\u00f6ka under tider d\u00e5 personal finns p\u00e5 plats. Biblioteket omfattar personbiografier, allm\u00e4n litteratur om design, hantverk, mode, textil och f\u00f6retag som verkat inom formgivning. Biblioteket uppdateras \u00e5rligen med relevant nyutkommen litteratur. Samtliga b\u00f6cker \u00e4r referensmaterial, och kan d\u00e4rf\u00f6r inte l\u00e5nas. I biblioteket ing\u00e5r \u00e4ven en samling katalogmaterial, industridesigner Rune Mon\u00f6s arbetsbibliotek och v\u00e5r tidskriftsamling.<\/p>\n<p><a href=\"https:\/\/www.kalmarkonstmuseum.se\/designarkivet\/biblioteket\/\">L\u00e4s mer om biblioteket &gt; &gt;<\/a><\/p>\n<\/div>\n<h4>L\u00e5na ur samlingen<\/h4>\n<div class=\"entry-content\">\n<p>Utl\u00e5n fr\u00e5n samlingen \u00e4r viktigt f\u00f6r att arkivmaterialet ska komma fler till del. Designarkivet\u00a0l\u00e5nar ut objekt ur samlingen f\u00f6r kunskaps\u00e4ndam\u00e5l; exempelvis f\u00f6r att bidra till utst\u00e4llningar hos andra arkiv och museer.\u00a0Samarbete med andra institutioner kan g\u00f6ra att ett f\u00f6rem\u00e5l fr\u00e5n samlingen, genom att placeras i\u00a0ett annorlunda sammanhang, f\u00f6rst\u00e5s och upplevs p\u00e5 nya s\u00e4tt.<\/p>\n<p><a href=\"https:\/\/www.kalmarkonstmuseum.se\/designarkivet\/villkor-lan\/\">L\u00e4s mer om villkor f\u00f6r l\u00e5n &gt; &gt;<\/a><\/p>\n<\/div>\n<h4>Best\u00e4ll bildmaterial<\/h4>\n<div class=\"entry-content\">\n<p>Designarkivet digitaliserar samlingen l\u00f6pande och har idag en gedigen bildbank. Mot en serviceavgift kan Designarkivet tillhandah\u00e5lla digitaliserat material ur samlingen och p\u00e5 f\u00f6rfr\u00e5gan i m\u00e5n av tid \u00e4ven digitalisera objekt som \u00e4nnu inte avbildats. Avgiften baseras p\u00e5 antal arbetstimmar best\u00e4llningens hantering kr\u00e4ver. Bes\u00f6k g\u00e4rna v\u00e5r <a href=\"https:\/\/digitaltmuseum.se\/owners\/S-DA\">publika databas<\/a> d\u00e4r hela v\u00e5r samling \u00e4r publicerad och s\u00f6kbar \u2013 oavsett om objektet \u00e4r fotograferat eller ej.<\/p>\n<p><a href=\"https:\/\/www.kalmarkonstmuseum.se\/designarkivet\/bildmaterial\/\">L\u00e4s mer om best\u00e4llning av bildmaterial, anv\u00e4ndningsvillkor och upphovsr\u00e4tt &gt; &gt;<\/a><\/p>\n<\/div>\n","protected":false},"excerpt":{"rendered":"<p>Designarkivet har en unik samling som i huvudsak best\u00e5r av skisser, ritningar, foton, korrespondens, dagb\u00f6cker och referensmaterial fr\u00e5n formgivare och designers verksamma i Sverige. Samlingen sp\u00e4nner \u00f6ver omr\u00e5den som inredning, m\u00f6beldesign, grafisk design, och produktdesign. <\/p>\n","protected":false},"author":2,"featured_media":2148,"parent":0,"menu_order":0,"comment_status":"closed","ping_status":"closed","template":"page-tpl-fullwidth.php","meta":{"_exactmetrics_skip_tracking":false,"_exactmetrics_sitenote_active":false,"_exactmetrics_sitenote_note":"","_exactmetrics_sitenote_category":0,"footnotes":""},"class_list":["post-40","page","type-page","status-publish","has-post-thumbnail","hentry"],"_links":{"self":[{"href":"https:\/\/www.kalmarkonstmuseum.se\/designarkivet\/wp-json\/wp\/v2\/pages\/40","targetHints":{"allow":["GET"]}}],"collection":[{"href":"https:\/\/www.kalmarkonstmuseum.se\/designarkivet\/wp-json\/wp\/v2\/pages"}],"about":[{"href":"https:\/\/www.kalmarkonstmuseum.se\/designarkivet\/wp-json\/wp\/v2\/types\/page"}],"author":[{"embeddable":true,"href":"https:\/\/www.kalmarkonstmuseum.se\/designarkivet\/wp-json\/wp\/v2\/users\/2"}],"replies":[{"embeddable":true,"href":"https:\/\/www.kalmarkonstmuseum.se\/designarkivet\/wp-json\/wp\/v2\/comments?post=40"}],"version-history":[{"count":7,"href":"https:\/\/www.kalmarkonstmuseum.se\/designarkivet\/wp-json\/wp\/v2\/pages\/40\/revisions"}],"predecessor-version":[{"id":2355,"href":"https:\/\/www.kalmarkonstmuseum.se\/designarkivet\/wp-json\/wp\/v2\/pages\/40\/revisions\/2355"}],"wp:featuredmedia":[{"embeddable":true,"href":"https:\/\/www.kalmarkonstmuseum.se\/designarkivet\/wp-json\/wp\/v2\/media\/2148"}],"wp:attachment":[{"href":"https:\/\/www.kalmarkonstmuseum.se\/designarkivet\/wp-json\/wp\/v2\/media?parent=40"}],"curies":[{"name":"wp","href":"https:\/\/api.w.org\/{rel}","templated":true}]}}