{"id":47,"date":"2014-09-12T11:33:07","date_gmt":"2014-09-12T09:33:07","guid":{"rendered":"http:\/\/www.kalmarkonstmuseum.se\/designarkivet\/?page_id=47"},"modified":"2025-10-01T11:08:47","modified_gmt":"2025-10-01T09:08:47","slug":"besok-visningar","status":"publish","type":"page","link":"https:\/\/www.kalmarkonstmuseum.se\/designarkivet\/besok-visningar\/","title":{"rendered":"Bes\u00f6k &amp; visningar"},"content":{"rendered":"<h4>BES\u00d6K OSS<\/h4>\n<p>Designarkivet tar emot arkivbes\u00f6k och erbjuder arkivvisningar enligt \u00f6verenskommelse.<\/p>\n<p>Vare sig du reser med bil eller kollektivt finns olika alternativ att tillg\u00e5.<br \/>\nL\u00e4s om hur du b\u00e4st <a href=\"https:\/\/www.kalmarkonstmuseum.se\/designarkivet\/om-oss\/hitta-hit\/\">hittar hit<\/a>!<\/p>\n<p><em>Whether you travel by car or by public transport, there are various options available.<br \/>\nRead about the <a href=\"https:\/\/www.kalmarkonstmuseum.se\/designarkivet\/om-oss\/hitta-hit\/\">best ways to get here<\/a>!<\/em><\/p>\n<h6>Fika och lunch<\/h6>\n<p>Hos v\u00e5ra grannar <a href=\"https:\/\/www.cafehososs.se\/\">Caf\u00e9 Hos Oss<\/a> finns ett h\u00f6gkvalitativt utbud av fika och lunch. Restaurangen har \u00f6ppet varje dag kl. 11\u201315.<\/p>\n<h4>VISNINGAR UTST\u00c4LLNING OCH ARKIV<\/h4>\n<p>Under sommars\u00e4songen erbjuder Designarkivet guidade visningar av aktuell utst\u00e4llning. Resterande \u00e5r g\u00e5r det ist\u00e4llet att boka arkivvisningar. I en visning ing\u00e5r introduktion till Designarkivets historia och verksamhet samt en \u00f6versikt av vilka typer av material som finns i samlingen. En visning tar ca 50 minuter, kombinerat med workshop tar bes\u00f6ket ca 1\u20131,5 timmar.<\/p>\n<p>Priserna nedan g\u00e4ller f\u00f6r visningar under ordinarie \u00f6ppettider p\u00e5 vardagar. Vid visning p\u00e5 kv\u00e4llar eller helger tillkommer 850:-. F\u00f6r workshop tillkommer 500:- ut\u00f6ver visningspriset. F\u00f6r visningar av utst\u00e4llning kan vi ta emot grupper om max 20 personer, arkiv 10 personer.<\/p>\n<p>Vuxengrupper: 850:-, samt 40:-\/person.<br \/>\nUniversitet och folkh\u00f6gskolor: 500:-<br \/>\nGrund- och gymnasieskola inom Kalmar l\u00e4n: kostnadsfritt<\/p>\n<p>F\u00f6r visningsf\u00f6rfr\u00e5gningar, v\u00e4nligen kontakta <a href=\"mailto:bokningar@designarkivet.se\">bokningar@designarkivet.se<\/a><\/p>\n<p>\u00c4r du forskare, student eller formgivare och intresserad av ett arkivbes\u00f6k? V\u00e4nligen v\u00e4nd dig till <a href=\"mailto:info@designarkivet.se\">info@designarkivet.se<\/a><\/p>\n<h4>Skolverksamhet<\/h4>\n<p>Design spelar en stor roll i samh\u00e4llet och i v\u00e5r vardag, men \u00e4r kanske inte alltid n\u00e5got vi t\u00e4nker p\u00e5. Designarkivet tar emot skolklasser fr\u00e5n grund- och gymnasieskola i Kalmar l\u00e4n kostnadsfritt.<\/p>\n<p>Du som l\u00e4rare \u00e4r v\u00e4lkommen att kontakta oss f\u00f6r id\u00e9er och uppslag. V\u00e5r <a href=\"https:\/\/digitaltmuseum.se\/s-da\/collections\/Designarkivet\">publika databas<\/a>, d\u00e4r en stor del av v\u00e5r samling finns digitaliserad, \u00e4r dessutom alltid tillg\u00e4nglig.<\/p>\n<p>Planera ditt skolbes\u00f6k med<br \/>\nVeronica Lindblad<br \/>\n<a href=\"mailto:veronica.lindblad@designarkivet.se\">veronica.lindblad@designarkivet.se<\/a><\/p>\n<h4>MILJ\u00d6 OCH TILLG\u00c4NGLIGHET<\/h4>\n<p><a href=\"https:\/\/www.kalmarkonstmuseum.se\/designarkivet\/miljo-tillganglighet\/\">L\u00e4s om arkivlokalernas milj\u00f6, tillg\u00e4nglighet och framkomlighet &gt; &gt;<\/a><\/p>\n<h4>BES\u00d6KS- och POSTADRESS<\/h4>\n<p><iframe loading=\"lazy\" src=\"https:\/\/www.google.com\/maps\/embed?pb=!1m18!1m12!1m3!1d2188.67568332809!2d15.920454076613517!3d56.73136131619853!2m3!1f0!2f0!3f0!3m2!1i1024!2i768!4f13.1!3m3!1m2!1s0x4657b691fe9df207%3A0x8f19e19f372cdfc3!2sDesignarkivet!5e0!3m2!1ssv!2sse!4v1706864644676!5m2!1ssv!2sse\" width=\"600\" height=\"450\" allowfullscreen=\"allowfullscreen\" data-mce-fragment=\"1\"><\/iframe><\/p>\n<p>Designarkivet<br \/>\nPukebergarnas v\u00e4g 24<br \/>\n382 34 Nybro<\/p>\n","protected":false},"excerpt":{"rendered":"<p>Designarkivets utst\u00e4llningsverksamhet \u00e4r \u00f6ppen s\u00e4songsvis. \u00d6vriga visningar, workshops och Skapande skola-projekt \u00e4r bokningsbara \u00e5ret om!<\/p>\n","protected":false},"author":2,"featured_media":2120,"parent":0,"menu_order":0,"comment_status":"closed","ping_status":"closed","template":"page-tpl-fullwidth.php","meta":{"_exactmetrics_skip_tracking":false,"_exactmetrics_sitenote_active":false,"_exactmetrics_sitenote_note":"","_exactmetrics_sitenote_category":0,"footnotes":""},"class_list":["post-47","page","type-page","status-publish","has-post-thumbnail","hentry"],"_links":{"self":[{"href":"https:\/\/www.kalmarkonstmuseum.se\/designarkivet\/wp-json\/wp\/v2\/pages\/47","targetHints":{"allow":["GET"]}}],"collection":[{"href":"https:\/\/www.kalmarkonstmuseum.se\/designarkivet\/wp-json\/wp\/v2\/pages"}],"about":[{"href":"https:\/\/www.kalmarkonstmuseum.se\/designarkivet\/wp-json\/wp\/v2\/types\/page"}],"author":[{"embeddable":true,"href":"https:\/\/www.kalmarkonstmuseum.se\/designarkivet\/wp-json\/wp\/v2\/users\/2"}],"replies":[{"embeddable":true,"href":"https:\/\/www.kalmarkonstmuseum.se\/designarkivet\/wp-json\/wp\/v2\/comments?post=47"}],"version-history":[{"count":35,"href":"https:\/\/www.kalmarkonstmuseum.se\/designarkivet\/wp-json\/wp\/v2\/pages\/47\/revisions"}],"predecessor-version":[{"id":2674,"href":"https:\/\/www.kalmarkonstmuseum.se\/designarkivet\/wp-json\/wp\/v2\/pages\/47\/revisions\/2674"}],"wp:featuredmedia":[{"embeddable":true,"href":"https:\/\/www.kalmarkonstmuseum.se\/designarkivet\/wp-json\/wp\/v2\/media\/2120"}],"wp:attachment":[{"href":"https:\/\/www.kalmarkonstmuseum.se\/designarkivet\/wp-json\/wp\/v2\/media?parent=47"}],"curies":[{"name":"wp","href":"https:\/\/api.w.org\/{rel}","templated":true}]}}