{"id":53,"date":"2014-09-12T11:35:17","date_gmt":"2014-09-12T09:35:17","guid":{"rendered":"http:\/\/www.kalmarkonstmuseum.se\/designarkivet\/?page_id=53"},"modified":"2024-02-02T11:28:31","modified_gmt":"2024-02-02T10:28:31","slug":"villkor-lan","status":"publish","type":"page","link":"https:\/\/www.kalmarkonstmuseum.se\/designarkivet\/villkor-lan\/","title":{"rendered":"Villkor f\u00f6r l\u00e5n"},"content":{"rendered":"<p>Utl\u00e5n fr\u00e5n samlingen \u00e4r viktigt f\u00f6r att arkivmaterialet ska komma fler till del. Designarkivet\u00a0l\u00e5nar ut objekt ur samlingen f\u00f6r kunskaps\u00e4ndam\u00e5l; exempelvis f\u00f6r att bidra till utst\u00e4llningar hos andra arkiv och museer.\u00a0Samarbete med andra institutioner kan g\u00f6ra att ett f\u00f6rem\u00e5l fr\u00e5n samlingen, genom att placeras i\u00a0ett annorlunda sammanhang, f\u00f6rst\u00e5s och upplevs p\u00e5 nya s\u00e4tt.<\/p>\n<p>Eftersom s\u00e4kerheten \u00e4r\u00a0prioriterad, b\u00e5de vad g\u00e4ller transport, handhavande och milj\u00f6 s\u00e5\u00a0riktar sig utl\u00e5ningsverksamheten\u00a0till verksamheter som har f\u00f6ruts\u00e4ttningar att hantera arkivmaterial p\u00e5 ett professionellt och s\u00e4kert s\u00e4tt.<\/p>\n<p><a href=\"https:\/\/www.kalmarkonstmuseum.se\/designarkivet\/wp-content\/uploads\/sites\/4\/2024\/02\/lana-ur-designarkivets-samlingar.pdf\">Ladda ner v\u00e5r lathund f\u00f6r l\u00e5n ur v\u00e5ra samlingar &gt; &gt; <\/a><\/p>\n<p>Vid intresse f\u00f6r att l\u00e5na in material fr\u00e5n Designarkivet &#8211; <a href=\"https:\/\/www.kalmarkonstmuseum.se\/designarkivet\/om-oss\/kontakta-oss\/\">kontakta oss<\/a> f\u00f6r vidare samtal kring villkor, transporter med mera.<\/p>\n","protected":false},"excerpt":{"rendered":"<p>Utl\u00e5n fr\u00e5n samlingen \u00e4r viktigt f\u00f6r att arkivmaterialet ska komma fler till del. Designarkivet\u00a0l\u00e5nar ut objekt ur samlingen f\u00f6r kunskaps\u00e4ndam\u00e5l; exempelvis f\u00f6r att bidra till utst\u00e4llningar hos andra arkiv och museer.\u00a0Samarbete med andra institutioner kan g\u00f6ra att ett f\u00f6rem\u00e5l fr\u00e5n [&hellip;]<\/p>\n","protected":false},"author":2,"featured_media":472,"parent":0,"menu_order":0,"comment_status":"closed","ping_status":"closed","template":"page-tpl-fullwidth.php","meta":{"_exactmetrics_skip_tracking":false,"_exactmetrics_sitenote_active":false,"_exactmetrics_sitenote_note":"","_exactmetrics_sitenote_category":0,"footnotes":""},"class_list":["post-53","page","type-page","status-publish","has-post-thumbnail","hentry"],"_links":{"self":[{"href":"https:\/\/www.kalmarkonstmuseum.se\/designarkivet\/wp-json\/wp\/v2\/pages\/53","targetHints":{"allow":["GET"]}}],"collection":[{"href":"https:\/\/www.kalmarkonstmuseum.se\/designarkivet\/wp-json\/wp\/v2\/pages"}],"about":[{"href":"https:\/\/www.kalmarkonstmuseum.se\/designarkivet\/wp-json\/wp\/v2\/types\/page"}],"author":[{"embeddable":true,"href":"https:\/\/www.kalmarkonstmuseum.se\/designarkivet\/wp-json\/wp\/v2\/users\/2"}],"replies":[{"embeddable":true,"href":"https:\/\/www.kalmarkonstmuseum.se\/designarkivet\/wp-json\/wp\/v2\/comments?post=53"}],"version-history":[{"count":3,"href":"https:\/\/www.kalmarkonstmuseum.se\/designarkivet\/wp-json\/wp\/v2\/pages\/53\/revisions"}],"predecessor-version":[{"id":2132,"href":"https:\/\/www.kalmarkonstmuseum.se\/designarkivet\/wp-json\/wp\/v2\/pages\/53\/revisions\/2132"}],"wp:featuredmedia":[{"embeddable":true,"href":"https:\/\/www.kalmarkonstmuseum.se\/designarkivet\/wp-json\/wp\/v2\/media\/472"}],"wp:attachment":[{"href":"https:\/\/www.kalmarkonstmuseum.se\/designarkivet\/wp-json\/wp\/v2\/media?parent=53"}],"curies":[{"name":"wp","href":"https:\/\/api.w.org\/{rel}","templated":true}]}}