{"id":55,"date":"2014-09-12T11:35:54","date_gmt":"2014-09-12T09:35:54","guid":{"rendered":"http:\/\/www.kalmarkonstmuseum.se\/designarkivet\/?page_id=55"},"modified":"2024-10-17T13:02:51","modified_gmt":"2024-10-17T11:02:51","slug":"bildmaterial","status":"publish","type":"page","link":"https:\/\/www.kalmarkonstmuseum.se\/designarkivet\/bildmaterial\/","title":{"rendered":"Bildmaterial"},"content":{"rendered":"<p>Designarkivet digitaliserar samlingen l\u00f6pande och har idag en gedigen bildbank. Mot en serviceavgift kan Designarkivet tillhandah\u00e5lla digitaliserat material ur samlingen och p\u00e5 f\u00f6rfr\u00e5gan i m\u00e5n av tid \u00e4ven digitalisera objekt som \u00e4nnu inte avbildats. Avgiften baseras p\u00e5 antal arbetstimmar best\u00e4llningens hantering kr\u00e4ver. Bes\u00f6k g\u00e4rna v\u00e5r <a href=\"https:\/\/digitaltmuseum.se\/owners\/S-DA\">publika databas<\/a> d\u00e4r hela v\u00e5r samling \u00e4r publicerad och s\u00f6kbar \u2013 oavsett om objektet \u00e4r fotograferat eller ej.<\/p>\n<p>F\u00f6r fr\u00e5gor om bilder och best\u00e4llning, kontakta:<br \/>\n<a href=\"mailto:maija.zetterlund@designarkivet.se\">maija.zetterlund@designarkivet.se<\/a><\/p>\n<p>&nbsp;<\/p>\n<h5>ANV\u00c4NDNINGSVILLKOR OCH UPPHOVSR\u00c4TT<\/h5>\n<p>Bilder p\u00e5 konstn\u00e4rliga verk skyddas av upphovsr\u00e4ttslagen <a href=\"https:\/\/www.riksdagen.se\/sv\/dokument-lagar\/dokument\/svensk-forfattningssamling\/lag-1960729-om-upphovsratt-till-litterara-och_sfs-1960-729\">(SFS 1960:729)<\/a>. Designarkivet \u00e4ger inte upphovsr\u00e4tten till samlingens objekt, d\u00e4rf\u00f6r \u00e4r det bildbest\u00e4llarens ansvar att ta kontakt med upphovsr\u00e4ttslig \u00e4gare och kontrollera att bilderna f\u00e5r anv\u00e4ndas i sammanhanget. T\u00e4nk p\u00e5 att en eventuell publiceringsavgift kan tas ut av upphovsr\u00e4ttslig \u00e4gare i samband med tryck eller annat kommersiellt bruk.<\/p>\n<p>Bilderna p\u00e5 verken f\u00e5r inte besk\u00e4ras eller p\u00e5 annat s\u00e4tt f\u00f6rvanskas, varken i tryck eller webbpublicering. Bildtext och information om copyright m\u00e5ste alltid anges. Ange \u00e4ven, om inte annat anges, Designarkivet som fotograf\/k\u00e4lla vid publicering av bild.<\/p>\n<p>&nbsp;<\/p>\n<p>L\u00e4s mer om upphovsr\u00e4tt hos <a href=\"https:\/\/bildupphovsratt.se\/\">Bildupphovsr\u00e4tt<\/a>.<\/p>\n","protected":false},"excerpt":{"rendered":"<p>Designarkivet digitaliserar samlingen l\u00f6pande och har idag en gedigen bildbank. Mot en serviceavgift kan Designarkivet tillhandah\u00e5lla digitaliserat material ur samlingen.<\/p>\n","protected":false},"author":2,"featured_media":407,"parent":0,"menu_order":0,"comment_status":"closed","ping_status":"closed","template":"","meta":{"_exactmetrics_skip_tracking":false,"_exactmetrics_sitenote_active":false,"_exactmetrics_sitenote_note":"","_exactmetrics_sitenote_category":0,"footnotes":""},"class_list":["post-55","page","type-page","status-publish","has-post-thumbnail","hentry"],"_links":{"self":[{"href":"https:\/\/www.kalmarkonstmuseum.se\/designarkivet\/wp-json\/wp\/v2\/pages\/55","targetHints":{"allow":["GET"]}}],"collection":[{"href":"https:\/\/www.kalmarkonstmuseum.se\/designarkivet\/wp-json\/wp\/v2\/pages"}],"about":[{"href":"https:\/\/www.kalmarkonstmuseum.se\/designarkivet\/wp-json\/wp\/v2\/types\/page"}],"author":[{"embeddable":true,"href":"https:\/\/www.kalmarkonstmuseum.se\/designarkivet\/wp-json\/wp\/v2\/users\/2"}],"replies":[{"embeddable":true,"href":"https:\/\/www.kalmarkonstmuseum.se\/designarkivet\/wp-json\/wp\/v2\/comments?post=55"}],"version-history":[{"count":3,"href":"https:\/\/www.kalmarkonstmuseum.se\/designarkivet\/wp-json\/wp\/v2\/pages\/55\/revisions"}],"predecessor-version":[{"id":2356,"href":"https:\/\/www.kalmarkonstmuseum.se\/designarkivet\/wp-json\/wp\/v2\/pages\/55\/revisions\/2356"}],"wp:featuredmedia":[{"embeddable":true,"href":"https:\/\/www.kalmarkonstmuseum.se\/designarkivet\/wp-json\/wp\/v2\/media\/407"}],"wp:attachment":[{"href":"https:\/\/www.kalmarkonstmuseum.se\/designarkivet\/wp-json\/wp\/v2\/media?parent=55"}],"curies":[{"name":"wp","href":"https:\/\/api.w.org\/{rel}","templated":true}]}}