{"id":57,"date":"2014-09-12T11:36:28","date_gmt":"2014-09-12T09:36:28","guid":{"rendered":"http:\/\/www.kalmarkonstmuseum.se\/designarkivet\/?page_id=57"},"modified":"2026-01-19T13:09:33","modified_gmt":"2026-01-19T12:09:33","slug":"kontakta-oss","status":"publish","type":"page","link":"https:\/\/www.kalmarkonstmuseum.se\/designarkivet\/om-oss\/kontakta-oss\/","title":{"rendered":"Kontakta oss"},"content":{"rendered":"<p>F\u00f6r fr\u00e5gor om samlingen och visningsf\u00f6rfr\u00e5gningar:<br \/>\nE-post: <a href=\"mailto:info@designarkivet.se\">info@designarkivet.se<\/a><br \/>\nTelefon: 0481-428 70<\/p>\n<p><a href=\"https:\/\/maps.app.goo.gl\/sVsA3PJSWXnXBf6Z6\">Bes\u00f6ks- och postadress:<\/a><br \/>\nDesignarkivet<br \/>\nPukebergarnas v\u00e4g 24<br \/>\n382 34 Nybro<\/p>\n<h4>MEDARBETARE DESIGNARKIVET<\/h4>\n<p><strong>Jonas Holmberg<\/strong><br \/>\nmusei- och arkivchef<br \/>\n<a href=\"mailto:jonas.holmberg@designarkivet.se\">jonas.holmberg@designarkivet.se<\/a><\/p>\n<p><strong>Veronica Lindblad<\/strong><br \/>\nintendent f\u00f6r pedagogik och f\u00f6rmedling<br \/>\n<a href=\"mailto:veronica.lindblad@designarkivet.se\">veronica.lindblad@designarkivet.se<\/a><\/p>\n<p><strong>Maija Zetterlund<\/strong><br \/>\nkommunikat\u00f6r<br \/>\nTel: 079\u2013101 48 08<br \/>\n<a href=\"mailto:maija.zetterlund@designarkivet.se\">maija.zetterlund@designarkivet.se<\/a><\/p>\n<p><strong>Hel\u00e9ne Arthursson<\/strong><br \/>\narkivarie och konservator<br \/>\nTel: 079\u2013100 55 04<br \/>\n<a href=\"mailto:helene.arthursson@designarkivet.se\">helene.arthursson@designarkivet.se<\/a><\/p>\n<p><strong>\u00c5sa L\u00f6fving<\/strong><br \/>\nkoordinator<br \/>\n<a href=\"mailto:asa.lofving@designarkivet.se\">asa.lofving@designarkivet.se<\/a><\/p>\n<p><strong>Andr\u00e9 Lindahl<\/strong><br \/>\ntekniker<br \/>\n<a href=\"mailto:andre.lindahl@kalmarkonstmuseum.se\">andre.lindahl@kalmarkonstmuseum.se<\/a><\/p>\n","protected":false},"excerpt":{"rendered":"<p>F\u00f6r fr\u00e5gor om samlingen och visningsf\u00f6rfr\u00e5gningar: E-post: info@designarkivet.se Telefon: 0481-428 70 Bes\u00f6ks- och postadress: Designarkivet Pukebergarnas v\u00e4g 24 382 34 Nybro MEDARBETARE DESIGNARKIVET Jonas Holmberg musei- och arkivchef jonas.holmberg@designarkivet.se Veronica Lindblad intendent f\u00f6r pedagogik och f\u00f6rmedling veronica.lindblad@designarkivet.se Maija Zetterlund kommunikat\u00f6r [&hellip;]<\/p>\n","protected":false},"author":2,"featured_media":419,"parent":20,"menu_order":0,"comment_status":"closed","ping_status":"closed","template":"page-tpl-fullwidth.php","meta":{"_exactmetrics_skip_tracking":false,"_exactmetrics_sitenote_active":false,"_exactmetrics_sitenote_note":"","_exactmetrics_sitenote_category":0,"footnotes":""},"class_list":["post-57","page","type-page","status-publish","has-post-thumbnail","hentry"],"_links":{"self":[{"href":"https:\/\/www.kalmarkonstmuseum.se\/designarkivet\/wp-json\/wp\/v2\/pages\/57","targetHints":{"allow":["GET"]}}],"collection":[{"href":"https:\/\/www.kalmarkonstmuseum.se\/designarkivet\/wp-json\/wp\/v2\/pages"}],"about":[{"href":"https:\/\/www.kalmarkonstmuseum.se\/designarkivet\/wp-json\/wp\/v2\/types\/page"}],"author":[{"embeddable":true,"href":"https:\/\/www.kalmarkonstmuseum.se\/designarkivet\/wp-json\/wp\/v2\/users\/2"}],"replies":[{"embeddable":true,"href":"https:\/\/www.kalmarkonstmuseum.se\/designarkivet\/wp-json\/wp\/v2\/comments?post=57"}],"version-history":[{"count":20,"href":"https:\/\/www.kalmarkonstmuseum.se\/designarkivet\/wp-json\/wp\/v2\/pages\/57\/revisions"}],"predecessor-version":[{"id":2686,"href":"https:\/\/www.kalmarkonstmuseum.se\/designarkivet\/wp-json\/wp\/v2\/pages\/57\/revisions\/2686"}],"up":[{"embeddable":true,"href":"https:\/\/www.kalmarkonstmuseum.se\/designarkivet\/wp-json\/wp\/v2\/pages\/20"}],"wp:featuredmedia":[{"embeddable":true,"href":"https:\/\/www.kalmarkonstmuseum.se\/designarkivet\/wp-json\/wp\/v2\/media\/419"}],"wp:attachment":[{"href":"https:\/\/www.kalmarkonstmuseum.se\/designarkivet\/wp-json\/wp\/v2\/media?parent=57"}],"curies":[{"name":"wp","href":"https:\/\/api.w.org\/{rel}","templated":true}]}}