{"id":602,"date":"2015-02-11T11:24:39","date_gmt":"2015-02-11T10:24:39","guid":{"rendered":"http:\/\/www.kalmarkonstmuseum.se\/designarkivet\/?page_id=602"},"modified":"2024-02-02T13:38:27","modified_gmt":"2024-02-02T12:38:27","slug":"sok-var-databas","status":"publish","type":"page","link":"https:\/\/www.kalmarkonstmuseum.se\/designarkivet\/sok-var-databas\/","title":{"rendered":"S\u00f6k i v\u00e5r databas"},"content":{"rendered":"<p>Vi finns p\u00e5 DigitaltMuseum! D\u00e4r hittar du Designarkivets samling fr\u00e5n tidigt 1900-tal och fram\u00e5t i form av skisser, ritningar, foton, pressklipp, materialprover, anteckningar och referensmaterial. H\u00e4r finns \u00e4ven en av Sveriges viktigaste textilsamlingar med tillh\u00f6rande f\u00f6rarbeten.<\/p>\n<p>Som ett f\u00f6rsta bes\u00f6ksf\u00f6rslag kan ni klicka p\u00e5 bilderna f\u00f6r att l\u00e4sa mer om skisserna vi anv\u00e4nt oss av i omslagsbilden. Annars hittar ni hela v\u00e5rt hittills publicerade material p\u00e5 v\u00e5r <a href=\"https:\/\/digitaltmuseum.se\/owners\/S-DA\">DigitaltMuseum-portal<\/a>.<\/p>\n<table>\n<tbody>\n<tr>\n<td>\n<p><div id=\"attachment_1830\" style=\"width: 160px\" class=\"wp-caption alignnone\"><a href=\"https:\/\/digitaltmuseum.se\/0210613127439\/aar-skiss\"><img loading=\"lazy\" decoding=\"async\" aria-describedby=\"caption-attachment-1830\" class=\"wp-image-1830 size-thumbnail\" src=\"https:\/\/www.kalmarkonstmuseum.se\/designarkivet\/wp-content\/uploads\/sites\/4\/2022\/12\/da-012780_0-150x150.jpg\" alt=\"\" width=\"150\" height=\"150\" \/><\/a><p id=\"caption-attachment-1830\" class=\"wp-caption-text\"><i>\u00c5ar<\/i><br \/>Barbro Nilsson<\/p><\/div><\/td>\n<td>\n<p><div id=\"attachment_1832\" style=\"width: 160px\" class=\"wp-caption alignnone\"><a href=\"https:\/\/digitaltmuseum.se\/0210613096622\/modeskiss-skiss\"><img loading=\"lazy\" decoding=\"async\" aria-describedby=\"caption-attachment-1832\" class=\"wp-image-1832 size-thumbnail\" src=\"https:\/\/www.kalmarkonstmuseum.se\/designarkivet\/wp-content\/uploads\/sites\/4\/2022\/12\/da-030881_0-150x150.jpg\" alt=\"\" width=\"150\" height=\"150\" \/><\/a><p id=\"caption-attachment-1832\" class=\"wp-caption-text\">Modeskiss<br \/>Anna-Lena Emd\u00e9n<\/p><\/div><\/td>\n<td>\n<p><div id=\"attachment_1829\" style=\"width: 160px\" class=\"wp-caption alignnone\"><a href=\"https:\/\/digitaltmuseum.se\/0210613082019\/matta-skiss\"><img loading=\"lazy\" decoding=\"async\" aria-describedby=\"caption-attachment-1829\" class=\"wp-image-1829 size-thumbnail\" src=\"https:\/\/www.kalmarkonstmuseum.se\/designarkivet\/wp-content\/uploads\/sites\/4\/2022\/12\/da-000939_0-150x150.jpg\" alt=\"\" width=\"150\" height=\"150\" \/><\/a><p id=\"caption-attachment-1829\" class=\"wp-caption-text\">Skiss till matta<br \/>Bittan Bergh Valberg<\/p><\/div><\/td>\n<td>\n<p><div id=\"attachment_1831\" style=\"width: 160px\" class=\"wp-caption alignnone\"><a href=\"https:\/\/digitaltmuseum.se\/0210613106778\/korsbarstradet-skiss\"><img loading=\"lazy\" decoding=\"async\" aria-describedby=\"caption-attachment-1831\" class=\"wp-image-1831 size-thumbnail\" src=\"https:\/\/www.kalmarkonstmuseum.se\/designarkivet\/wp-content\/uploads\/sites\/4\/2022\/12\/da-025848_0-150x150.jpg\" alt=\"\" width=\"150\" height=\"150\" \/><\/a><p id=\"caption-attachment-1831\" class=\"wp-caption-text\"><i>K\u00f6rsb\u00e4rstr\u00e4det<\/i><br \/>Ann-Mari Forsberg<\/p><\/div><\/td>\n<\/tr>\n<\/tbody>\n<\/table>\n<h3><a href=\"https:\/\/digitaltmuseum.se\/s-da\/collections\/Designarkivet\">DIGITALTMUSEUM<\/a> \u276d<\/h3>\n","protected":false},"excerpt":{"rendered":"<p>S\u00f6k i v\u00e5r samling p\u00e5 DigitaltMuseum!<\/p>\n","protected":false},"author":2,"featured_media":1827,"parent":0,"menu_order":0,"comment_status":"closed","ping_status":"closed","template":"page-tpl-fullwidth.php","meta":{"_exactmetrics_skip_tracking":false,"_exactmetrics_sitenote_active":false,"_exactmetrics_sitenote_note":"","_exactmetrics_sitenote_category":0,"footnotes":""},"class_list":["post-602","page","type-page","status-publish","has-post-thumbnail","hentry"],"_links":{"self":[{"href":"https:\/\/www.kalmarkonstmuseum.se\/designarkivet\/wp-json\/wp\/v2\/pages\/602","targetHints":{"allow":["GET"]}}],"collection":[{"href":"https:\/\/www.kalmarkonstmuseum.se\/designarkivet\/wp-json\/wp\/v2\/pages"}],"about":[{"href":"https:\/\/www.kalmarkonstmuseum.se\/designarkivet\/wp-json\/wp\/v2\/types\/page"}],"author":[{"embeddable":true,"href":"https:\/\/www.kalmarkonstmuseum.se\/designarkivet\/wp-json\/wp\/v2\/users\/2"}],"replies":[{"embeddable":true,"href":"https:\/\/www.kalmarkonstmuseum.se\/designarkivet\/wp-json\/wp\/v2\/comments?post=602"}],"version-history":[{"count":7,"href":"https:\/\/www.kalmarkonstmuseum.se\/designarkivet\/wp-json\/wp\/v2\/pages\/602\/revisions"}],"predecessor-version":[{"id":2152,"href":"https:\/\/www.kalmarkonstmuseum.se\/designarkivet\/wp-json\/wp\/v2\/pages\/602\/revisions\/2152"}],"wp:featuredmedia":[{"embeddable":true,"href":"https:\/\/www.kalmarkonstmuseum.se\/designarkivet\/wp-json\/wp\/v2\/media\/1827"}],"wp:attachment":[{"href":"https:\/\/www.kalmarkonstmuseum.se\/designarkivet\/wp-json\/wp\/v2\/media?parent=602"}],"curies":[{"name":"wp","href":"https:\/\/api.w.org\/{rel}","templated":true}]}}