{"id":63,"date":"2014-09-12T11:37:52","date_gmt":"2014-09-12T09:37:52","guid":{"rendered":"http:\/\/www.kalmarkonstmuseum.se\/designarkivet\/?page_id=63"},"modified":"2024-06-19T16:59:53","modified_gmt":"2024-06-19T14:59:53","slug":"hitta-hit","status":"publish","type":"page","link":"https:\/\/www.kalmarkonstmuseum.se\/designarkivet\/om-oss\/hitta-hit\/","title":{"rendered":"Hitta hit"},"content":{"rendered":"<h4>MED bil<\/h4>\n<p><strong>Fr\u00e5n Kalmarh\u00e5llet v\u00e4g 25<\/strong><br \/>\nK\u00f6r mot V\u00e4xj\u00f6. K\u00f6r rakt fram mot Nybro centrum i glasrondellen. Efter ca 200 meter finns skylten &#8221;Designarkiv&#8221; som visar till v\u00e4nster.<\/p>\n<p><strong>Fr\u00e5n V\u00e4xj\u00f6h\u00e5llet v\u00e4g 25<\/strong><br \/>\nK\u00f6r mot Nybro\/Kalmar. Sv\u00e4ng v\u00e4nster vid avfart skyltad Pukeberg.<\/p>\n<p><strong>Fr\u00e5n Vetlanda och Orrefors v\u00e4g 31<\/strong><br \/>\nK\u00f6r genom Nybro centrum och f\u00f6lj skyltning mot Pukeberg\/Designarkiv.<\/p>\n<p>&nbsp;<\/p>\n<h6><em>BY CAR<\/em><\/h6>\n<p><em><strong>From Kalmar, road 25<\/strong><\/em><br \/>\n<em>Drive towards V\u00e4xj\u00f6. Drive straight ahead towards Nybro centrum in roundabout. After about 200 meters, follow the sign &#8221;Designarkiv&#8221; to the left.<\/em><\/p>\n<p><em><strong>From V\u00e4xj\u00f6, road 25<\/strong><\/em><br \/>\n<em>Drive towards Nybro\/Kalmar. Turn left at the exit sign marked &#8221;Pukeberg&#8221;.<\/em><\/p>\n<p><em><strong>From Vetlanda and Orrefors, road 31<\/strong><\/em><br \/>\n<em>Drive through Nybro centrum and follow the signs towards Pukeberg\/Designarkiv.<\/em><\/p>\n<p>&nbsp;<\/p>\n<h4>MED T\u00c5G &amp; BUSS<\/h4>\n<p><a href=\"https:\/\/www.oresundstag.se\/\">\u00d6resundst\u00e5g<\/a>, <a href=\"https:\/\/www.sj.se\/\">SJ<\/a> och <a href=\"https:\/\/www.krosatagen.se\/res-med-oss\/\">Kr\u00f6sat\u00e5gen<\/a> trafikerar Nybro station. Fr\u00e5n Nybro station kan du antingen promenera ca 2 km eller ta <a href=\"https:\/\/kalmarlanstrafik.se\/\">Kalmar l\u00e4nstrafik<\/a> busslinje 601 till h\u00e5llplats Pukeberg Glasbruk.<\/p>\n<p>\u00c5ker du Kalmar l\u00e4nstrafik busslinje 131 fr\u00e5n Kalmar rekommenderar vi att du hoppar av vid h\u00e5llplats Glasbruksgatan. D\u00e4rifr\u00e5n \u00e4r det ca 700 m promenad till Pukebergs glasbruksomr\u00e5de och Designarkivet. F\u00f6lj skylten &#8221;Designarkiv&#8221; som visar till v\u00e4nster.<\/p>\n<p>&nbsp;<\/p>\n<h6><em>BY TRAIN &amp; BUS<\/em><\/h6>\n<p><a href=\"https:\/\/www.oresundstag.se\/en\">\u00d6resundst\u00e5g<\/a>, <a href=\"https:\/\/www.sj.se\/en\">SJ<\/a> <em>and <\/em><a href=\"https:\/\/www.krosatagen.se\/english\/\">Kr\u00f6sat\u00e5gen<\/a> <em>traffic Nybro station. From Nybro station you can either walk about 2 km or take<\/em> <a href=\"https:\/\/kalmarlanstrafik.se\/\">Kalmar l\u00e4nstrafik<\/a> <em>bus 601 to the Pukeberg Glasbruk stop<\/em>.<\/p>\n<p><em>If you take Kalmar l\u00e4nstrafik bus 131 from Kalmar, we recommend that you get off at the Glasbruksgatan stop. From there it is about a 700 m walk to Pukeberg and Designarkivet. Follow the &#8221;Designarkiv&#8221; sign to the left.<\/em><\/p>\n<h4><\/h4>\n<h4>BES\u00d6KS- och POSTADRESS<\/h4>\n<h6><em>VISITATION and POSTAL ADDRESS<\/em><\/h6>\n<p><iframe loading=\"lazy\" src=\"https:\/\/www.google.com\/maps\/embed?pb=!1m18!1m12!1m3!1d2188.67568332809!2d15.920454076613517!3d56.73136131619853!2m3!1f0!2f0!3f0!3m2!1i1024!2i768!4f13.1!3m3!1m2!1s0x4657b691fe9df207%3A0x8f19e19f372cdfc3!2sDesignarkivet!5e0!3m2!1ssv!2sse!4v1706864644676!5m2!1ssv!2sse\" width=\"600\" height=\"450\" allowfullscreen=\"allowfullscreen\" data-mce-fragment=\"1\"><\/iframe><\/p>\n<p>Designarkivet<br \/>\nPukebergarnas v\u00e4g 24<br \/>\n382 34 Nybro<\/p>\n<p>BILD: Uno Westerberg, skiss till broschyr f\u00f6r\u00a0Pukebergs glasbruk AB, DA- 026710<\/p>\n","protected":false},"excerpt":{"rendered":"<p>MED bil Fr\u00e5n Kalmarh\u00e5llet v\u00e4g 25 K\u00f6r mot V\u00e4xj\u00f6. K\u00f6r rakt fram mot Nybro centrum i glasrondellen. Efter ca 200 meter finns skylten &#8221;Designarkiv&#8221; som visar till v\u00e4nster. Fr\u00e5n V\u00e4xj\u00f6h\u00e5llet v\u00e4g 25 K\u00f6r mot Nybro\/Kalmar. Sv\u00e4ng v\u00e4nster vid avfart skyltad [&hellip;]<\/p>\n","protected":false},"author":2,"featured_media":1064,"parent":20,"menu_order":0,"comment_status":"closed","ping_status":"closed","template":"page-tpl-fullwidth.php","meta":{"_exactmetrics_skip_tracking":false,"_exactmetrics_sitenote_active":false,"_exactmetrics_sitenote_note":"","_exactmetrics_sitenote_category":0,"footnotes":""},"class_list":["post-63","page","type-page","status-publish","has-post-thumbnail","hentry"],"_links":{"self":[{"href":"https:\/\/www.kalmarkonstmuseum.se\/designarkivet\/wp-json\/wp\/v2\/pages\/63","targetHints":{"allow":["GET"]}}],"collection":[{"href":"https:\/\/www.kalmarkonstmuseum.se\/designarkivet\/wp-json\/wp\/v2\/pages"}],"about":[{"href":"https:\/\/www.kalmarkonstmuseum.se\/designarkivet\/wp-json\/wp\/v2\/types\/page"}],"author":[{"embeddable":true,"href":"https:\/\/www.kalmarkonstmuseum.se\/designarkivet\/wp-json\/wp\/v2\/users\/2"}],"replies":[{"embeddable":true,"href":"https:\/\/www.kalmarkonstmuseum.se\/designarkivet\/wp-json\/wp\/v2\/comments?post=63"}],"version-history":[{"count":13,"href":"https:\/\/www.kalmarkonstmuseum.se\/designarkivet\/wp-json\/wp\/v2\/pages\/63\/revisions"}],"predecessor-version":[{"id":2267,"href":"https:\/\/www.kalmarkonstmuseum.se\/designarkivet\/wp-json\/wp\/v2\/pages\/63\/revisions\/2267"}],"up":[{"embeddable":true,"href":"https:\/\/www.kalmarkonstmuseum.se\/designarkivet\/wp-json\/wp\/v2\/pages\/20"}],"wp:featuredmedia":[{"embeddable":true,"href":"https:\/\/www.kalmarkonstmuseum.se\/designarkivet\/wp-json\/wp\/v2\/media\/1064"}],"wp:attachment":[{"href":"https:\/\/www.kalmarkonstmuseum.se\/designarkivet\/wp-json\/wp\/v2\/media?parent=63"}],"curies":[{"name":"wp","href":"https:\/\/api.w.org\/{rel}","templated":true}]}}