{"id":646,"date":"2015-02-26T10:23:28","date_gmt":"2015-02-26T09:23:28","guid":{"rendered":"http:\/\/www.kalmarkonstmuseum.se\/designarkivet\/?page_id=646"},"modified":"2024-02-02T11:17:32","modified_gmt":"2024-02-02T10:17:32","slug":"biblioteket","status":"publish","type":"page","link":"https:\/\/www.kalmarkonstmuseum.se\/designarkivet\/biblioteket\/","title":{"rendered":"Biblioteket"},"content":{"rendered":"<p>Designarkivets bibliotek \u00e4r m\u00f6jligt att bes\u00f6ka under tider d\u00e5 personal finns p\u00e5 plats. Biblioteket omfattar personbiografier, allm\u00e4n litteratur om design, hantverk,\u00a0mode, textil och f\u00f6retag som verkat inom formgivning.\u00a0Biblioteket uppdateras\u00a0\u00e5rligen med relevant nyutkommen litteratur.\u00a0Samtliga b\u00f6cker \u00e4r referensmaterial, och kan d\u00e4rf\u00f6r inte l\u00e5nas.<\/p>\n<p>I biblioteket finns \u00e4ven en samling av katalogmaterial, dels kataloger producerade i anslutning till tidigare utst\u00e4llningar, dels en del f\u00f6retagskataloger, som IKEA 1961-2004, och katalogmaterial kopplat till enskilda designer, samt \u00e4ldre akademiska uppsatser\u00a0med anknytning till formgivare som finns representerade i\u00a0samlingen.<\/p>\n<h4>Mon\u00f6samlingen<\/h4>\n<p>I biblioteket finns en en betydande samling b\u00f6cker som donerats\u00a0av\u00a0Rune Mon\u00f6. Det \u00e4r delar av den\u00a0facklitteratur Mon\u00f6 anv\u00e4nde sig av i sitt dagliga arbete, och ger en intressant bild av vad som kan vara relevant litteratur f\u00f6r en industridesigner. Samlingen inneh\u00e5ller \u00e4ven tv\u00e5 tyska tidskrifter, <i>FORM &#8211; Zeitschrift f\u00fcr Gestaltung<\/i>, \u00a060- till 90-tal och <i>Zeitschrift f\u00fcr Semiotik<\/i> 1981-96.<\/p>\n<h4>Tidskriftsamlingen<\/h4>\n<p>Designarkivets tidskriftssamling inneh\u00e5ller ett stort antal tidskrifter och best\u00e5r av en kombination av specialtidskrifter och popul\u00e4rpress. Dessa \u00e4r insamlade periodvis, men inte kontinuerligt. Den mest kompletta tidskriften \u00e4r <i>Svenska sl\u00f6jdf\u00f6reningens tidskrift<\/i>, numera <i>Form<\/i>, som finns med nummer fr\u00e5n 1911 och fram\u00e5t. I tidskriftsamlingen finns ocks\u00e5 en \u00e4ldre klippsamling, uppdelat p\u00e5 material som glas, keramik, m\u00f6bler och inredning.<\/p>\n","protected":false},"excerpt":{"rendered":"<p>Designarkivets bibliotek \u00e4r m\u00f6jligt att bes\u00f6ka under tider d\u00e5 personal finns p\u00e5 plats. Biblioteket omfattar personbiografier, allm\u00e4n litteratur om design, hantverk,\u00a0mode, textil och f\u00f6retag som verkat inom formgivning.\u00a0Biblioteket uppdateras\u00a0\u00e5rligen med relevant nyutkommen litteratur.\u00a0Samtliga b\u00f6cker \u00e4r referensmaterial, och kan d\u00e4rf\u00f6r inte [&hellip;]<\/p>\n","protected":false},"author":9,"featured_media":463,"parent":0,"menu_order":0,"comment_status":"closed","ping_status":"closed","template":"page-tpl-fullwidth.php","meta":{"_exactmetrics_skip_tracking":false,"_exactmetrics_sitenote_active":false,"_exactmetrics_sitenote_note":"","_exactmetrics_sitenote_category":0,"footnotes":""},"class_list":["post-646","page","type-page","status-publish","has-post-thumbnail","hentry"],"_links":{"self":[{"href":"https:\/\/www.kalmarkonstmuseum.se\/designarkivet\/wp-json\/wp\/v2\/pages\/646","targetHints":{"allow":["GET"]}}],"collection":[{"href":"https:\/\/www.kalmarkonstmuseum.se\/designarkivet\/wp-json\/wp\/v2\/pages"}],"about":[{"href":"https:\/\/www.kalmarkonstmuseum.se\/designarkivet\/wp-json\/wp\/v2\/types\/page"}],"author":[{"embeddable":true,"href":"https:\/\/www.kalmarkonstmuseum.se\/designarkivet\/wp-json\/wp\/v2\/users\/9"}],"replies":[{"embeddable":true,"href":"https:\/\/www.kalmarkonstmuseum.se\/designarkivet\/wp-json\/wp\/v2\/comments?post=646"}],"version-history":[{"count":4,"href":"https:\/\/www.kalmarkonstmuseum.se\/designarkivet\/wp-json\/wp\/v2\/pages\/646\/revisions"}],"predecessor-version":[{"id":2128,"href":"https:\/\/www.kalmarkonstmuseum.se\/designarkivet\/wp-json\/wp\/v2\/pages\/646\/revisions\/2128"}],"wp:featuredmedia":[{"embeddable":true,"href":"https:\/\/www.kalmarkonstmuseum.se\/designarkivet\/wp-json\/wp\/v2\/media\/463"}],"wp:attachment":[{"href":"https:\/\/www.kalmarkonstmuseum.se\/designarkivet\/wp-json\/wp\/v2\/media?parent=646"}],"curies":[{"name":"wp","href":"https:\/\/api.w.org\/{rel}","templated":true}]}}