{"id":65,"date":"2014-09-12T11:38:37","date_gmt":"2014-09-12T09:38:37","guid":{"rendered":"http:\/\/www.kalmarkonstmuseum.se\/designarkivet\/?page_id=65"},"modified":"2015-11-10T09:31:25","modified_gmt":"2015-11-10T08:31:25","slug":"nationell-arkiv-och-forskningssamverkan","status":"publish","type":"page","link":"https:\/\/www.kalmarkonstmuseum.se\/designarkivet\/projekt-samarbeten\/nationell-arkiv-och-forskningssamverkan\/","title":{"rendered":"Nationell arkiv- och forskningssamverkan"},"content":{"rendered":"<p>I samarbete med Arkitektur- och designcentrum (ArkDes) bedriver Designarkivet projektet Nationell arkiv- och forskningssamverkan. Sedan 2012 har Statens kulturr\u00e5d och Regionf\u00f6rbundet Kalmar l\u00e4n finansierat uppdraget. Det g\u00e5r ut p\u00e5 att skapa f\u00f6ruts\u00e4ttningar f\u00f6r forskning inom design, konsthantverk och arkitektur i anslutning till Designarkivet. Samt unders\u00f6ka hur arkiv kan f\u00f6rh\u00e5lla sig till och samla in digitalt originalmaterial.<\/p>\n<p>Det \u00e4r likheterna mellan ArkDes och Designarkivets samlingar som \u00e4r utg\u00e5ngspunkten f\u00f6r samarbetet. B\u00e5da samlingarna inneh\u00e5ller material som beskriver arbetsprocess och yrkesspecifika f\u00f6ruts\u00e4ttningar f\u00f6r arkitekter respektive formgivare. Det finns d\u00e4rf\u00f6r ett\u00a0stort\u00a0v\u00e4rde\u00a0i\u00a0att anta utmaningen att utveckla nya insamlingsmetoder tillsammans. ArkDes\u00a0erfarenheter av\u00a0hur verksamhet kan byggas kring forskning, g\u00f6r partnerskapet v\u00e4rdefullt ocks\u00e5 i arbetet mot att gynna forskning\u00a0inom design och designhistoria.<\/p>\n<p>V\u00e5ren 2015 gick projektet in p\u00e5 sitt tredje och avslutande \u00e5r.\u00a0L\u00e4s mer om de aktiviteter och insatser som har genomf\u00f6rts\u00a0under &#8221;Samtida insamling&#8221; och &#8221;Forskning&#8221;.<\/p>\n","protected":false},"excerpt":{"rendered":"<p>I samarbete med Arkitektur- och designcentrum (ArkDes) bedriver Designarkivet projektet Nationell arkiv- och forskningssamverkan. Sedan 2012 har Statens kulturr\u00e5d och Regionf\u00f6rbundet Kalmar l\u00e4n finansierat uppdraget. Det g\u00e5r ut p\u00e5 att skapa f\u00f6ruts\u00e4ttningar f\u00f6r forskning inom design, konsthantverk och arkitektur i [&hellip;]<\/p>\n","protected":false},"author":2,"featured_media":468,"parent":18,"menu_order":0,"comment_status":"closed","ping_status":"closed","template":"page-tpl-fullwidth.php","meta":{"_exactmetrics_skip_tracking":false,"_exactmetrics_sitenote_active":false,"_exactmetrics_sitenote_note":"","_exactmetrics_sitenote_category":0,"footnotes":""},"class_list":["post-65","page","type-page","status-publish","has-post-thumbnail","hentry"],"_links":{"self":[{"href":"https:\/\/www.kalmarkonstmuseum.se\/designarkivet\/wp-json\/wp\/v2\/pages\/65","targetHints":{"allow":["GET"]}}],"collection":[{"href":"https:\/\/www.kalmarkonstmuseum.se\/designarkivet\/wp-json\/wp\/v2\/pages"}],"about":[{"href":"https:\/\/www.kalmarkonstmuseum.se\/designarkivet\/wp-json\/wp\/v2\/types\/page"}],"author":[{"embeddable":true,"href":"https:\/\/www.kalmarkonstmuseum.se\/designarkivet\/wp-json\/wp\/v2\/users\/2"}],"replies":[{"embeddable":true,"href":"https:\/\/www.kalmarkonstmuseum.se\/designarkivet\/wp-json\/wp\/v2\/comments?post=65"}],"version-history":[{"count":0,"href":"https:\/\/www.kalmarkonstmuseum.se\/designarkivet\/wp-json\/wp\/v2\/pages\/65\/revisions"}],"up":[{"embeddable":true,"href":"https:\/\/www.kalmarkonstmuseum.se\/designarkivet\/wp-json\/wp\/v2\/pages\/18"}],"wp:featuredmedia":[{"embeddable":true,"href":"https:\/\/www.kalmarkonstmuseum.se\/designarkivet\/wp-json\/wp\/v2\/media\/468"}],"wp:attachment":[{"href":"https:\/\/www.kalmarkonstmuseum.se\/designarkivet\/wp-json\/wp\/v2\/media?parent=65"}],"curies":[{"name":"wp","href":"https:\/\/api.w.org\/{rel}","templated":true}]}}