
{"id":73,"date":"2015-03-10T10:36:17","date_gmt":"2015-03-10T10:36:17","guid":{"rendered":"http:\/\/www.kalmarkonstmuseum.se\/massa-i-rorelse\/?page_id=73"},"modified":"2015-12-08T10:10:24","modified_gmt":"2015-12-08T10:10:24","slug":"asa-jungnelius","status":"publish","type":"page","link":"https:\/\/www.kalmarkonstmuseum.se\/moving-mass\/asa-jungnelius\/","title":{"rendered":"\u00c5sa Jungnelius"},"content":{"rendered":"<p><strong>Titta, en vara som kan tala!<\/strong><\/p>\n<p>I det h\u00e4r projektet kommer jag att unders\u00f6ka objektifiering av konstn\u00e4ren satt i relation till produktionen av varor.<\/p>\n<p><a href=\"http:\/\/www.kalmarkonstmuseum.se\/moving-mass\/wp-content\/uploads\/sites\/5\/2015\/03\/MG_7542.jpg\"><img loading=\"lazy\" decoding=\"async\" class=\"alignnone wp-image-441\" src=\"http:\/\/www.kalmarkonstmuseum.se\/moving-mass\/wp-content\/uploads\/sites\/5\/2015\/03\/MG_7542-1024x737.jpg\" alt=\"_MG_7542\" width=\"480\" height=\"346\" \/><\/a><a href=\"http:\/\/www.kalmarkonstmuseum.se\/moving-mass\/wp-content\/uploads\/sites\/5\/2015\/03\/images.jpeg\"><img loading=\"lazy\" decoding=\"async\" class=\" size-full wp-image-443 alignright\" src=\"http:\/\/www.kalmarkonstmuseum.se\/moving-mass\/wp-content\/uploads\/sites\/5\/2015\/03\/images.jpeg\" alt=\"images\" width=\"189\" height=\"267\" \/><\/a><a href=\"http:\/\/www.kalmarkonstmuseum.se\/moving-mass\/wp-content\/uploads\/sites\/5\/2015\/03\/HW.4.jpg\"><img loading=\"lazy\" decoding=\"async\" class=\"alignnone size-medium wp-image-438\" src=\"http:\/\/www.kalmarkonstmuseum.se\/moving-mass\/wp-content\/uploads\/sites\/5\/2015\/03\/HW.4-300x200.jpg\" alt=\"HW.4\" width=\"300\" height=\"200\" srcset=\"https:\/\/www.kalmarkonstmuseum.se\/moving-mass\/wp-content\/uploads\/sites\/5\/2015\/03\/HW.4-300x200.jpg 300w, https:\/\/www.kalmarkonstmuseum.se\/moving-mass\/wp-content\/uploads\/sites\/5\/2015\/03\/HW.4.jpg 800w\" sizes=\"auto, (max-width: 300px) 100vw, 300px\" \/><\/a><a href=\"http:\/\/www.kalmarkonstmuseum.se\/moving-mass\/wp-content\/uploads\/sites\/5\/2015\/03\/images-2.jpeg\"><img loading=\"lazy\" decoding=\"async\" class=\" size-full wp-image-442 alignright\" src=\"http:\/\/www.kalmarkonstmuseum.se\/moving-mass\/wp-content\/uploads\/sites\/5\/2015\/03\/images-2.jpeg\" alt=\"images-2\" width=\"259\" height=\"194\" \/><\/a><\/p>\n<p><a href=\"http:\/\/www.kalmarkonstmuseum.se\/moving-mass\/wp-content\/uploads\/sites\/5\/2015\/03\/asa_jungnelius.jpg\"><img loading=\"lazy\" decoding=\"async\" class=\"alignnone size-medium wp-image-444\" src=\"http:\/\/www.kalmarkonstmuseum.se\/moving-mass\/wp-content\/uploads\/sites\/5\/2015\/03\/asa_jungnelius-200x300.jpg\" alt=\"asa_jungnelius\" width=\"200\" height=\"300\" \/><\/a><\/p>\n<p><a href=\"http:\/\/www.kalmarkonstmuseum.se\/moving-mass\/wp-content\/uploads\/sites\/5\/2015\/03\/Unknown1.jpeg\"><img loading=\"lazy\" decoding=\"async\" class=\"alignnone size-full wp-image-445\" src=\"http:\/\/www.kalmarkonstmuseum.se\/moving-mass\/wp-content\/uploads\/sites\/5\/2015\/03\/Unknown1.jpeg\" alt=\"Unknown\" width=\"279\" height=\"180\" \/><\/a><\/p>\n<p>Foto Jonas Lindstr\u00f6m och Karin Bj\u00f6rkqvist, bilderna \u00e4r tagna mellan 2007-2010.<\/p>\n<p>\u00c5sa Jungnelius \u00e4r konstn\u00e4r (MFA), baserad i Stockholm och M\u00e5nsam\u00e5la som arbetar med utst\u00e4llningar, skulptur, plats specifik konstn\u00e4rlig gestaltning och produkt formgivning. Jungnelius \u00e4r lektor p\u00e5 Konstfack.<\/p>\n<p>Jag arbetar med materialitet som mitt spr\u00e5k och intresserar mig f\u00f6r relationen mellan v\u00e5ra kroppar, objekten vi omger dem med och rummen de tillsammans agerar i. Den materiella kulturen \u00e4r f\u00f6r mig i en konstant positionering som beskriver de ekonomiska, sociala, politiska och ekologiska f\u00f6ruts\u00e4ttningarna f\u00f6r v\u00e5r tid som vi lever i. Objekten blir till en form av fetischer \u00f6ver oss som individer och v\u00e5r samtid. Gestaltningen \u00e4r ofta rumslig och vilar p\u00e5 en konceptuell grund, d\u00e4r handens avtryck och min intuition tillf\u00f6r en ton. Det fr\u00e4msta uttrycksmedel \u00e4r materialet glas f\u00f6r det passar min konstn\u00e4rliga diskurs.<\/p>\n<p>Under 2014 initierade jag <i>Residence-in-Nature<\/i> \u00e4r ett l\u00e5ngsiktigt kollektivt konstprojekt baserat p\u00e5 erfarenheter av plats specifikt kollektivt konstn\u00e4rligt arbete i en avbefolkningsbyggd d\u00e4r det postindustriella samh\u00e4llet p\u00e5visar en komplex livssituation. Det genomf\u00f6rdes med st\u00f6d fr\u00e5n Regionf\u00f6rbundet S\u00f6dra Sm\u00e5land och V\u00e4xj\u00f6 Kommun. Det ut\u00f6vardrivna initiativet sammanf\u00f6ll med regionens \u00f6nskan om att genom konstn\u00e4rligt arbete hitta en varaktig form f\u00f6r ett experimentellt artist-in-Residence program som \u00e4r kopplat direkt till regionens (de lokala) f\u00f6ruts\u00e4ttningar.\u00a0V\u00e4xj\u00f6 kommun i sin tur arbetar pedagogiskt f\u00f6r att f\u00f6rmedla den plats specifika konsten till medborgarna. Arbetet inf\u00f6r Residence-in-Nature utvecklades redan 2012, under arbetet med det som senare blev separatutst\u00e4llningen: <i>Moder Jord<\/i> p\u00e5 Kalmar Konstmuseum 2012\/2013.<\/p>\n<p><i>Blicken, biffen och bananen<\/i> \u00e4r en \u00e4r ett platsspecifikt konstn\u00e4rligt arbete p\u00e5 uppdrag av Stockholmskonst som invigdes v\u00e5ren 2013. Skulptur omfamnar platsen s\u00e5v\u00e4l socialt som arkitektoniskt. Jag vill skapa en dialog mellan H\u00f6torgshallens \u00f6vre och undre del, samt lyfta in flan\u00f6rens blick ute fr\u00e5n torget. Jag har valt att l\u00e5ta gestaltningen ta sin plats i de b\u00e5da ljusschakten, en del vid trappan ut mot Sergelgatan och en del vid rulltrappan ut mot H\u00f6torget.<\/p>\n<p>Mellan 2007-12 var jag anst\u00e4lld som formgivare p\u00e5 <i>Kosta Boda<\/i> och arbetade med ett feministiskt f\u00f6rh\u00e5llningss\u00e4tt till produktion och objekt. <i>WeWorkInAFragileMaterial<\/i> var en konsthantverksdriven grupp med 9 medlemmar som arbetade med platsspecifika kollektiva arbeten mellan 2003-10. 2006 initierade jag och curerade tillsammans med Sara Isaksson From, <i>Jihani Kalapur<\/i>, ett samarbete mellan Nationalmuseum, Tensta Hjulsta Kvinnocenter som sedan visades som en utst\u00e4llning p\u00e5 Tensta Konsthall.<\/p>\n<p>Jungnelius arbete har st\u00e4llt ut i Sverige och internationellt, bland annat p\u00e5 Vida museum, UKS i Oslo, Botkyrka Konsthall, Norrk\u00f6pings konstmuseum, Crystal, V\u00e4xj\u00f6 Konsthall, Tensta Konsthall, Nationalmuseum och Eskilstuna Konstmuseum.<\/p>\n<p>&nbsp;<\/p>\n","protected":false},"excerpt":{"rendered":"<p>Titta, en vara som kan tala! I det h\u00e4r projektet kommer jag att unders\u00f6ka objektifiering av konstn\u00e4ren satt i relation till produktionen av varor. Foto Jonas Lindstr\u00f6m och Karin Bj\u00f6rkqvist, bilderna \u00e4r tagna mellan 2007-2010. \u00c5sa Jungnelius \u00e4r konstn\u00e4r (MFA), baserad i Stockholm och M\u00e5nsam\u00e5la som arbetar med utst\u00e4llningar, skulptur, plats specifik konstn\u00e4rlig gestaltning och &hellip; <a href=\"https:\/\/www.kalmarkonstmuseum.se\/moving-mass\/asa-jungnelius\/\" class=\"more-link\">Forts\u00e4tt l\u00e4sa <span class=\"screen-reader-text\">\u00c5sa Jungnelius<\/span><\/a><\/p>\n","protected":false},"author":2,"featured_media":0,"parent":0,"menu_order":0,"comment_status":"closed","ping_status":"closed","template":"","meta":{"_exactmetrics_skip_tracking":false,"_exactmetrics_sitenote_active":false,"_exactmetrics_sitenote_note":"","_exactmetrics_sitenote_category":0,"footnotes":""},"class_list":["post-73","page","type-page","status-publish","hentry"],"_links":{"self":[{"href":"https:\/\/www.kalmarkonstmuseum.se\/moving-mass\/wp-json\/wp\/v2\/pages\/73","targetHints":{"allow":["GET"]}}],"collection":[{"href":"https:\/\/www.kalmarkonstmuseum.se\/moving-mass\/wp-json\/wp\/v2\/pages"}],"about":[{"href":"https:\/\/www.kalmarkonstmuseum.se\/moving-mass\/wp-json\/wp\/v2\/types\/page"}],"author":[{"embeddable":true,"href":"https:\/\/www.kalmarkonstmuseum.se\/moving-mass\/wp-json\/wp\/v2\/users\/2"}],"replies":[{"embeddable":true,"href":"https:\/\/www.kalmarkonstmuseum.se\/moving-mass\/wp-json\/wp\/v2\/comments?post=73"}],"version-history":[{"count":0,"href":"https:\/\/www.kalmarkonstmuseum.se\/moving-mass\/wp-json\/wp\/v2\/pages\/73\/revisions"}],"wp:attachment":[{"href":"https:\/\/www.kalmarkonstmuseum.se\/moving-mass\/wp-json\/wp\/v2\/media?parent=73"}],"curies":[{"name":"wp","href":"https:\/\/api.w.org\/{rel}","templated":true}]}}