
{"id":77,"date":"2015-03-10T10:37:00","date_gmt":"2015-03-10T10:37:00","guid":{"rendered":"http:\/\/www.kalmarkonstmuseum.se\/massa-i-rorelse\/?page_id=77"},"modified":"2015-06-08T09:56:32","modified_gmt":"2015-06-08T09:56:32","slug":"eva-arnquist","status":"publish","type":"page","link":"https:\/\/www.kalmarkonstmuseum.se\/moving-mass\/eva-arnquist\/","title":{"rendered":"Eva Arnqvist"},"content":{"rendered":"<p>POSITIONSF\u00d6RFLYTTNINGAR (arbetstitel)<\/p>\n<p>\u2212 \u00a0<em>Titta, ser du vid outleten d\u00e4r borta, f\u00f6rut l\u00e5g tr\u00e4dg\u00e5rdsm\u00e4starens hus d\u00e4r, och d\u00e4r var det ocks\u00e5 blomsterhandel. Det var \u00f6ppna f\u00e4lt och d\u00e4r fanns den d\u00e4r aqua-rutschen. Efter rutschen var det bara \u00f6ppen mark som man sl\u00e5dde, och s\u00e5 tr\u00e4dg\u00e5rdsm\u00e4staren. Det k\u00f6pte man och rev.<\/em> <em>Outleten byggdes i tre etapper. Det gick i ett kan man s\u00e4ga.<\/em><em> Det finns planer p\u00e5 att bygga mer, en amfiteater och lite andra attraktioner h\u00e4r i backen men hur n\u00e4ra det \u00e4r att genomf\u00f6ras har jag ingen aning om, men planerna finns.<\/em><\/p>\n<p>Ur samtal fr\u00e5n rundtur i Kosta med Berne Karlsson, pension\u00e4r och aktiv i Ekeberga hembygdsf\u00f6rening.<\/p>\n<p><img loading=\"lazy\" decoding=\"async\" class=\"size-full wp-image-426\" src=\"http:\/\/www.kalmarkonstmuseum.se\/moving-mass\/wp-content\/uploads\/sites\/5\/2015\/03\/kosta.jpg\" alt=\"SONY DSC\" width=\"4401\" height=\"2817\" \/><\/p>\n<p>Det var i Kosta som glasindustrin i Sm\u00e5land en g\u00e5ng b\u00f6rjade, och som sedan kom att utvecklas till ett \u201drike\u201d. Idag \u00e4r Kosta \u00e4n en g\u00e5ng f\u00f6rst ut, denna g\u00e5ng som nav i utvecklingen av det s\u00e5 kallade \u201dnya Glasriket\u201d. Likt stora delar av Glasriket befinner sig Kosta idag i en omvandling fr\u00e5n industri- till tj\u00e4nste- och upplevelsesamh\u00e4lle och Kosta \u00e4r det samh\u00e4lle d\u00e4r f\u00f6r\u00e4ndringen syns allra tydligast.\u00a0Sedan New Wave Group med Torsten Jansson i spetsen \u00e5r 2005 tog \u00f6ver Orrefors Kosta Boda AB har samh\u00e4llet genomg\u00e5tt stora f\u00f6r\u00e4ndringar. \u00a0H\u00e4r tillverkas fortfarande glas men det \u00e4r inte l\u00e4ngre bruket som dominerar stadsbilden utan outletsen och glashotellet (som numera ocks\u00e5 \u00e4r de st\u00f6rsta arbetsgivarna).<\/p>\n<p><a href=\"http:\/\/www.kalmarkonstmuseum.se\/moving-mass\/wp-content\/uploads\/sites\/5\/2015\/03\/stugor.jpg\"><img loading=\"lazy\" decoding=\"async\" class=\"size-full wp-image-419\" src=\"http:\/\/www.kalmarkonstmuseum.se\/moving-mass\/wp-content\/uploads\/sites\/5\/2015\/03\/stugor.jpg\" alt=\"SONY DSC\" width=\"709\" height=\"454\" srcset=\"https:\/\/www.kalmarkonstmuseum.se\/moving-mass\/wp-content\/uploads\/sites\/5\/2015\/03\/stugor.jpg 709w, https:\/\/www.kalmarkonstmuseum.se\/moving-mass\/wp-content\/uploads\/sites\/5\/2015\/03\/stugor-300x192.jpg 300w\" sizes=\"auto, (max-width: 709px) 100vw, 709px\" \/><\/a><\/p>\n<p>Bes\u00f6ksn\u00e4ringen hyllas idag som en ny svensk bas- och tillv\u00e4xtindustri och fr\u00e5n s\u00e5v\u00e4l kommunalt, regionalt och statligt h\u00e5ll satsas just nu stora resurser p\u00e5 att utveckla och profilera Glasriket som destination f\u00f6r att lyfta regionen ur krisen. Vad inneb\u00e4r omst\u00e4llningen fr\u00e5n industri- till ett till stor del upplevelse- och tj\u00e4nstebaserat samh\u00e4lle?\u00a0 Hur sker det, och hur p\u00e5verkar det ett samh\u00e4lle?\u00a0 Vad betyder det f\u00f6r v\u00e5r f\u00f6rst\u00e5else av en plats och en produktion? Mitt arbete f\u00f6r Massa i r\u00f6relse handlar om, att med Kosta som\u00a0utg\u00e5ngspunkt, utforska detta skeende.<\/p>\n<p><a href=\"http:\/\/www.kalmarkonstmuseum.se\/moving-mass\/wp-content\/uploads\/sites\/5\/2015\/03\/mosaik.jpg\"><img loading=\"lazy\" decoding=\"async\" class=\"size-full wp-image-423\" src=\"http:\/\/www.kalmarkonstmuseum.se\/moving-mass\/wp-content\/uploads\/sites\/5\/2015\/03\/mosaik.jpg\" alt=\"SONY DSC\" width=\"4583\" height=\"2933\" \/><\/a><\/p>\n<p>Eva Arnqvist \u00e4r konstn\u00e4r verksam i Stockholm. Hon arbetar i ett brett spektrum av medier; fr\u00e5n installationer, performance, foto och video till platsspecifika interventioner och publikationer. I fokus f\u00f6r hennes konstn\u00e4rliga praktik st\u00e5r fr\u00e5gor om system, makt och kunskapsproduktion; hur de samverkar och formar f\u00f6rest\u00e4llningar och ideal f\u00f6r plats, m\u00e4nniska och samh\u00e4lle. Eva verkar b\u00e5de enskilt och genom olika samarbeten. Sedan 2011 driver hon bl. a. det platsspecifika konstn\u00e4rligt unders\u00f6kande arbetet <em>Ett rum med utsikt<\/em> i Slakthusomr\u00e5det i Stockholm tillsammans med konstn\u00e4rerna Maria Andersson och Karin Lindh och arkitekten Adriana Seserin. Hon \u00e4r ocks\u00e5 aktiv i, och en av initiativtagarna till, en nystartad hembygdsf\u00f6rening f\u00f6r Slakthusomr\u00e5det som verkar f\u00f6r att utforska och problematisera begreppet hembygd. V\u00e5ren 2014 utkom hon med boken <em>Grand Tour -a travelogue<\/em> p\u00e5 OEI Edit\u00f6r. Tidigare och kommande utst\u00e4llningar inkluderar: Kalmar Konstmuseum (SE), Norrk\u00f6pings Konstmuseum (SE), OEI Color Projets (SE), Konsthall C (SE), Myym\u00e4l\u00e42 (FI), Grazer Kunstverein (A).<\/p>\n<p>&nbsp;<\/p>\n<p>&nbsp;<\/p>\n<p>&nbsp;<\/p>\n<p>&nbsp;<\/p>\n<p>&nbsp;<\/p>\n<p>&nbsp;<\/p>\n<p>&nbsp;<\/p>\n<p>&nbsp;<\/p>\n<p>&nbsp;<\/p>\n<p>&nbsp;<\/p>\n<p>&nbsp;<\/p>\n","protected":false},"excerpt":{"rendered":"<p>POSITIONSF\u00d6RFLYTTNINGAR (arbetstitel) \u2212 \u00a0Titta, ser du vid outleten d\u00e4r borta, f\u00f6rut l\u00e5g tr\u00e4dg\u00e5rdsm\u00e4starens hus d\u00e4r, och d\u00e4r var det ocks\u00e5 blomsterhandel. Det var \u00f6ppna f\u00e4lt och d\u00e4r fanns den d\u00e4r aqua-rutschen. Efter rutschen var det bara \u00f6ppen mark som man sl\u00e5dde, och s\u00e5 tr\u00e4dg\u00e5rdsm\u00e4staren. Det k\u00f6pte man och rev. Outleten byggdes i tre etapper. Det &hellip; <a href=\"https:\/\/www.kalmarkonstmuseum.se\/moving-mass\/eva-arnquist\/\" class=\"more-link\">Forts\u00e4tt l\u00e4sa <span class=\"screen-reader-text\">Eva Arnqvist<\/span><\/a><\/p>\n","protected":false},"author":2,"featured_media":0,"parent":0,"menu_order":0,"comment_status":"closed","ping_status":"closed","template":"","meta":{"_exactmetrics_skip_tracking":false,"_exactmetrics_sitenote_active":false,"_exactmetrics_sitenote_note":"","_exactmetrics_sitenote_category":0,"footnotes":""},"class_list":["post-77","page","type-page","status-publish","hentry"],"_links":{"self":[{"href":"https:\/\/www.kalmarkonstmuseum.se\/moving-mass\/wp-json\/wp\/v2\/pages\/77","targetHints":{"allow":["GET"]}}],"collection":[{"href":"https:\/\/www.kalmarkonstmuseum.se\/moving-mass\/wp-json\/wp\/v2\/pages"}],"about":[{"href":"https:\/\/www.kalmarkonstmuseum.se\/moving-mass\/wp-json\/wp\/v2\/types\/page"}],"author":[{"embeddable":true,"href":"https:\/\/www.kalmarkonstmuseum.se\/moving-mass\/wp-json\/wp\/v2\/users\/2"}],"replies":[{"embeddable":true,"href":"https:\/\/www.kalmarkonstmuseum.se\/moving-mass\/wp-json\/wp\/v2\/comments?post=77"}],"version-history":[{"count":0,"href":"https:\/\/www.kalmarkonstmuseum.se\/moving-mass\/wp-json\/wp\/v2\/pages\/77\/revisions"}],"wp:attachment":[{"href":"https:\/\/www.kalmarkonstmuseum.se\/moving-mass\/wp-json\/wp\/v2\/media?parent=77"}],"curies":[{"name":"wp","href":"https:\/\/api.w.org\/{rel}","templated":true}]}}